{"id":409,"date":"2022-03-07T14:59:44","date_gmt":"2022-03-07T14:59:44","guid":{"rendered":"https:\/\/freedomocalansyria.com\/?page_id=409"},"modified":"2023-10-10T07:36:07","modified_gmt":"2023-10-10T07:36:07","slug":"about-us","status":"publish","type":"page","link":"https:\/\/freedomocalansyria.com\/ku\/?page_id=409","title":{"rendered":"em k\u00ee ne"},"content":{"rendered":"<div class=\"wpb-content-wrapper\"><p>[vc_row][vc_column][vc_single_image image=&#8221;465&#8243; img_size=&#8221;large&#8221; alignment=&#8221;center&#8221;][vc_empty_space][vc_text_separator title=&#8221;Li ser  jiyana r\u00eaber&#8221;][vc_column_text]di 4\u2019\u00ea N\u00eesana 1949\u2019an de li gund\u00ea Emara y\u00ea ser bi bajarok\u00ea Xeleft\u00ee y\u00ea her\u00eama orfa (Riha) ji dayik b\u00fb.<\/p>\n<p>&nbsp;<\/p>\n<p>Ew yek ji heft zarok\u00ean malbateke feq\u00eer \u00fb kedkar e, dibistana seretay\u00ee li gund\u00ea ermen\u00ee y\u00ea Jeb\u00een\u00ea y\u00ea ser bi gund\u00ea w\u00ee ve xwendiye \u00fb dibistana nav\u00een li bajar\u00ea Gaz\u00eeentab\u00ea li bajar\u00ea Niz\u00eep\u00ea qedandiye.Di sala 1968an de Dibistana nav\u00een li Enqerey\u00ea li Dibistana P\u00ee\u015fey\u00ee ya Endezyariya Rapirs\u00een\u00ea ya Anadoluy\u00ea qedand.<\/p>\n<p>&nbsp;<\/p>\n<p>Di sala 1970&#8217;\u00ee de li Zan\u00eengeha Stenbol\u00ea tevl\u00ee Fakulteya Hiq\u00fbq\u00ea dibe, l\u00ea pi\u015ft\u00ee ku di bin bandora \u00e7ep\u00ean \u015fore\u015fger \u00ean Tirk \u00ean bi p\u00ea\u015fengiya Mah\u00eer Jayan de maye, di sala 1971&#8217;an de li Zan\u00eengeha Enqerey\u00ea be\u015fdar\u00ee Fakulteya Zanist\u00ean Siyas\u00ee dibe.<\/p>\n<p>&nbsp;<\/p>\n<p>Di jiyana xwe ya zan\u00eengeh\u00ea de be\u015fdar\u00ee gelek \u00e7alakiy\u00ean siyas\u00ee b\u00fb \u00fb yekem\u00een \u00e7alakiya w\u00ee ya siyas\u00ee bi \u00c7epa \u015eore\u015fger a Tirk re b\u00fb, ku di sala 1970\u2019an de li ser maf\u00ea \u00e7aren\u00fbs\u00ee y\u00ea gel\u00ea Kurd xwed\u00ee helwesteke er\u00ean\u00ee b\u00fb \u00fb di N\u00eesana 1972\u2019an de hat girtin. Li dij\u00ee ku\u015ftina Mah\u00eer Jayan \u00fb heval\u00ean w\u00ee xwep\u00ea\u015fandanek protestoy\u00ee li dar xist.<\/p>\n<p>&nbsp;<\/p>\n<p>Di Newroza 1973\u2019an de bi dir\u00fb\u015fma \u201cKurdistan dagirkir\u00ee ye \u00fb azad\u00ee p\u00eaw\u00eest dike\u201d komek rew\u015fenb\u00eer a ji 6 kesan p\u00eak t\u00ea ava kir. Di sala 1975\u2019an de li Enqerey\u00ea b\u00fb serok\u00ea Komeleya Perwerdehiya \u00c7anda Bilind a Demokrat\u00eek.<\/p>\n<p>&nbsp;<\/p>\n<p>Ocalan bi b\u00eest \u00fb s\u00ea r\u00eaheval\u00ean xwe re di 27\u2019\u00ea Mijdara 1978\u2019an de li gund\u00ea Vis\u00ea y\u00ea Amed\u00ea Partiya Karker\u00ean Kurdistan\u00ea damezirand \u00fb di 2\u2019\u00ea T\u00eermeha 1979\u2019an de pi\u015ft\u00ee qetl\u00eeam\u00ean dewleta Tirk li ser gel\u00ea Kurd \u00fb kadroy\u00ean PKK\u00ea girtin derbas\u00ee Koban\u00ea b\u00fb. R\u00eaber p\u00ea\u015fb\u00een\u00ee kir Bi derbeya le\u015fker\u00ee ya li Tirkiy\u00ea, ku qewim\u00ee, w\u00ee dest bi kar\u00ea d\u00eeplomas\u00ee kir \u00fb ji bo amadekirina partiy\u00ea ji bo qonaxa \u015fore\u015fa b\u00ea ya w\u00ea dem\u00ea kar kir.<\/p>\n<p>&nbsp;<\/p>\n<p>Di 9\u2019\u00ea Cotmeha 1998\u2019an de bi komployeke navnetewey\u00ee \u00fb weke p\u00eangava yekem\u00een ji S\u00fbriyey\u00ea hat derxistin \u00fb di 15\u2019\u00ea Sibata 1999\u2019an de li Na\u00eerobiya paytexta Kenyay\u00ea d\u00eel hat girtin \u00fb radest\u00ee dewleta Tirk hat kirin.<\/p>\n<p>&nbsp;<\/p>\n<p>Di 28&#8217;\u00ea N\u00eesana 1999&#8217;an de li gor\u00ee xala (125) ya Qan\u00fbna Cezay\u00ea ya Tirk bi s\u00fbcdariya xiyaneta li dij\u00ee Tirkiyey\u00ea li p\u00ea\u015fber\u00ee dewleta Tirk hat darizandin \u00fb di 29&#8217;\u00ea Hez\u00eerana 1999&#8217;an de bi s\u00fbcdariya \u00eedam\u00ea hate cezakirin. Bi tumeta damezrandin \u00fb r\u00eavebirina r\u00eaxistineke teror\u00eest a \u00e7ekdar, tev\u00ee nedesthilatdariya w\u00ea dadgeh\u00ea, li gor\u00ee yasay\u00ean gi\u015ft\u00ee y\u00ean navnetewey\u00ee.<\/p>\n<p>&nbsp;<\/p>\n<p>Ji w\u00ea dem\u00ea \u00fb vir ve R\u00eaber Ocalan li Girava \u00cemraliy\u00ea di odeyeke yek kes\u00ee de ye \u00fb di bin tecr\u00eedeke giran de ye. Bi ramana xwe ya ronakb\u00eer \u00fb aqilmendiya xwe ya b\u00eas\u00eenor kar\u00eeb\u00fb komploya di gihandina armanca xwe de p\u00fb\u00e7 bike, ji ber ku zindana navdar a \u00cemraliy\u00ea kir navenda ron\u00eekirina ramana azad, Ronahiya felsefeya \u015faristaniya demokrat\u00eek \u00fb teoriya neteweya demokrat\u00eek j\u00ea dibare. Di w\u00ea dem\u00ea de konfederal\u00eezma demokrat\u00eek weke \u00e7areser\u00ee \u00fb weke t\u00eag\u00eeneke dijber\u00ee feraseta netew-dewlet\u00ea ku her kom, etn\u00eek, \u00e7and, kom\u00ean ol\u00ee, tevger\u00ean rew\u015fenb\u00eer\u00ee \u00fb yek\u00eeneyeke abor\u00ee ya n\u00eevserbixwe t\u00ea de dikare xwe \u00eefade bike p\u00ea\u015fniyar kir. Weke armanceke bilind \u00fb fez\u00eeleta her\u00ee mezin a ku ji bo civakek\u00ea dikare b\u00ea kirin, gihandina civakek azad a siyas\u00ee, exlaq\u00ee, demokrat\u00eek, ekoloj\u00eek e ku t\u00ea de jin \u00fb m\u00ear wekhev in. Ji ber v\u00ea yek\u00ea gir\u00eengiya paraznamey\u00ean w\u00ee y\u00ean huq\u00fbq\u00ee \u00fb cild\u00ean raman\u00ee \u00fb felsefey\u00ea, wek m\u00eenak Man\u00eefestoya \u015earistaniya Demokrat\u00eek j\u00ee di nav de ye.[\/vc_column_text][vc_empty_space][vc_text_separator title=&#8221;Danas\u00eena \u00een\u00eesiyat\u00eef\u00ea&#8221;][vc_column_text]Komek e ku ji kesayet\u00ean demokrat \u00ean S\u00fbriy\u00ea ji Kurd, Ereb, Suryan \u00fb p\u00eakhatey\u00ean din p\u00eak t\u00ea. Di 10-9-2019 de hat damizirandin. Bi armanca bidestxistina azadiya R\u00eaber Abdullah Ocalan ku deriy\u00ea qan\u00fbn\u00ee y\u00ea bidestxistina azadiya gel\u00ean her\u00eam\u00ea, belavkirina a\u015ftiya siv\u00eel \u00fb \u00e7anda biratiy\u00ea \u00fb p\u00eerozkirina r\u00eagez\u00ean maf\u00ean demokrat\u00eek \u00ean ji bo jiyana azad p\u00eaw\u00eest dike, t\u00ea d\u00eetin.<\/p>\n<p>&nbsp;<\/p>\n<p><strong>Sedem\u00ean avakirina \u00een\u00eesiyat\u00eef\u00ea:<\/strong><\/p>\n<p>&nbsp;<\/p>\n<p>R\u00eaber Abdullah Ocalan li dij\u00ee her cure desthilatdar\u00ee \u00fb zexta li ser gel \u00fb neteweyan \u015fore\u015fger e, feylesof, ramanwer, r\u00eaber\u00ea gelan e, afir\u00eener\u00ea \u00fb xwediy\u00ea pergala konfederal\u00eezma demokrat\u00eek e.<\/p>\n<p>&nbsp;<\/p>\n<p>&#8211; Di komployeke navdewlet\u00ee de ku di d\u00eeroka mirovatiy\u00ea ya hevdem de b\u00eahempa ye, bi binp\u00eakirina hem\u00fb yasa \u00fb peyman\u00ean maf\u00ean mirovan \u00fb yasay\u00ean navdewlet\u00ee \u00fb mirov\u00ee hate revandin.<\/p>\n<p>&nbsp;<\/p>\n<p>-Dadgehkirina \u015fekl\u00ee ya dewleta Tirk a li ser R\u00eaber Ocalan \u00fb neb\u00fbna hincet, bi taybet\u00ee Peymana Navnetewey\u00ee ya Maf\u00ean Meden\u00ee \u00fb Siyas\u00ee, bi taybet\u00ee xala 4., Peymana Afr\u00eekay\u00ea ya Maf\u00ean Mirovan \u00fb Gelan, bi taybet\u00ee j\u00ee xala 7., Peymana Ewrop\u00ee. Maf\u00ean Mirovan, bi taybet\u00ee bend 6, \u00fb Peymana Amer\u00eek\u00ee, Maf\u00ean Mirovan, bi taybet\u00ee bend 8, \u00fb peyman\u00ean din \u00ean navnetewey\u00ee, bi taybet\u00ee Peymana Netewey\u00ean Yekb\u00fby\u00ee.<\/p>\n<p>&nbsp;<\/p>\n<p>-rew\u015fa w\u00ee ji malbat, xizm \u00fb par\u00eazer\u00ean w\u00ee re qutkirin\u00a0 ji ron\u00eekirina v\u00ea yek\u00ea ne ti\u015ftek\u00ee dine. Ev 24 sal in di bin tecr\u00eed, tinekirin \u00fb \u00ee\u015fkencey\u00ea de ye. Rew\u015fa w\u00ee xeterek rast\u00een n\u00ee\u015fan dide.<\/p>\n<p>&nbsp;<\/p>\n<p>-Rew\u015fa awarte ya Girt\u00eegeha \u00cemraliy\u00ea hem\u00fb qan\u00fbn \u00fb peyman\u00ean navnetewey\u00ee binp\u00ea dike, ji ber ku xwe disp\u00eare s\u00eestema tecr\u00eed \u00fb \u00ee\u015fkenceya derqan\u00fbn\u00ee.<\/p>\n<p>&nbsp;<\/p>\n<p>-Hesasiyeta rew\u015fa R\u00eabert\u00ee, gir\u00eeng\u00ee \u00fb giraniya w\u00ee di nava gel\u00ea Kurd \u00fb hem\u00fb demokrat\u00ean c\u00eehan\u00ea de.<\/p>\n<p>&nbsp;<\/p>\n<p>-Daxwaz\u00ean berdewam \u00ean R\u00eabert\u00ee y\u00ean ji bo a\u015ftiy\u00ea \u00fb kar\u00eena w\u00ee ya ku ji Kurdistan \u00fb Tirkiy\u00ea dest p\u00ea dike rola pi\u015ftevan\u00ea a\u015ftiy\u00ea bil\u00eeze.<\/p>\n<p>&nbsp;<\/p>\n<p>-Statuya w\u00ee ya taybet li Rojava ji ber may\u00eena w\u00ee ya n\u00eaz\u00eek\u00ee b\u00eest salan li S\u00fbriy\u00ea \u00fb dan\u00eena peywendiy\u00ean bih\u00eaz bi gel\u00ea me y\u00ea kurd li Rojava \u00fb p\u00eakhatey\u00ean S\u00fbriy\u00ea re, di nav de kurd, ereb, suryan, ermen \u00fb y\u00ean din.<\/p>\n<p>&nbsp;<\/p>\n<p>&#8211; Gir\u00eengiya her\u00ee mezin \u00fb stratej\u00eek a fikir \u00fb felsefeya R\u00eaber Abdullah Ocalan, ji ber ku \u00e7areseriya her\u00ee guncaw ji bo gel\u00ea Kurd \u00fb hem\u00fb gel\u00ean ku hesreta azad\u00ee, demokras\u00ee \u00fb maf\u00ean dest\u00fbr\u00ee ne.<\/p>\n<p>&nbsp;<\/p>\n<p>-Li S\u00fbriye \u00fb c\u00eehan\u00ea zexteke mezin a gel, ji bo azadiya R\u00eaber Abdullah Ocalan.<\/p>\n<p>&nbsp;<\/p>\n<p>&#8211; Banga azad\u00ee, ramanwer, akadem\u00eesyen, hiq\u00fbqnas, par\u00eazer, siyasetmedar, oldar \u00fb navdar\u00ean c\u00eehan\u00ea.<\/p>\n<p>&nbsp;<\/p>\n<p>&#8211; Hest\u00ea s\u00fbbjekt\u00eef, mirov\u00ee \u00fb exlaq\u00ee li ser gir\u00eengiya fikir \u00fb felsefeya r\u00eaber di \u00e7areserkirina pirsgir\u00eak\u00ean mirov\u00ee de \u00fb ji ber rola w\u00ee ya gir\u00eeng di p\u00eakan\u00eena a\u015ft\u00ee \u00fb ewlehiy\u00ea de \u00fb belavkirina \u00e7anda p\u00eakvejiyana \u00fb biratiya gelan li her\u00eam\u00ea.[\/vc_column_text][vc_empty_space][\/vc_column][\/vc_row]<\/p>\n<\/div>","protected":false},"excerpt":{"rendered":"<p>[vc_row][vc_column][vc_single_image image=&#8221;465&#8243; img_size=&#8221;large&#8221; alignment=&#8221;center&#8221;][vc_empty_space][vc_text_separator title=&#8221;Li ser jiyana r\u00eaber&#8221;][vc_column_text]di 4\u2019\u00ea N\u00eesana 1949\u2019an de li gund\u00ea Emara y\u00ea ser bi bajarok\u00ea Xeleft\u00ee y\u00ea her\u00eama orfa (Riha) ji dayik b\u00fb. &nbsp; Ew yek ji heft zarok\u00ean malbateke feq\u00eer \u00fb kedkar e, dibistana seretay\u00ee li gund\u00ea ermen\u00ee y\u00ea Jeb\u00een\u00ea y\u00ea ser bi gund\u00ea w\u00ee ve xwendiye \u00fb dibistana nav\u00een [&hellip;]<\/p>\n","protected":false},"author":1,"featured_media":0,"parent":0,"menu_order":0,"comment_status":"closed","ping_status":"closed","template":"","meta":{"footnotes":""},"class_list":["post-409","page","type-page","status-publish","hentry"],"_links":{"self":[{"href":"https:\/\/freedomocalansyria.com\/ku\/index.php?rest_route=\/wp\/v2\/pages\/409","targetHints":{"allow":["GET"]}}],"collection":[{"href":"https:\/\/freedomocalansyria.com\/ku\/index.php?rest_route=\/wp\/v2\/pages"}],"about":[{"href":"https:\/\/freedomocalansyria.com\/ku\/index.php?rest_route=\/wp\/v2\/types\/page"}],"author":[{"embeddable":true,"href":"https:\/\/freedomocalansyria.com\/ku\/index.php?rest_route=\/wp\/v2\/users\/1"}],"replies":[{"embeddable":true,"href":"https:\/\/freedomocalansyria.com\/ku\/index.php?rest_route=%2Fwp%2Fv2%2Fcomments&post=409"}],"version-history":[{"count":8,"href":"https:\/\/freedomocalansyria.com\/ku\/index.php?rest_route=\/wp\/v2\/pages\/409\/revisions"}],"predecessor-version":[{"id":8057,"href":"https:\/\/freedomocalansyria.com\/ku\/index.php?rest_route=\/wp\/v2\/pages\/409\/revisions\/8057"}],"wp:attachment":[{"href":"https:\/\/freedomocalansyria.com\/ku\/index.php?rest_route=%2Fwp%2Fv2%2Fmedia&parent=409"}],"curies":[{"name":"wp","href":"https:\/\/api.w.org\/{rel}","templated":true}]}}