{"id":377,"date":"2022-03-07T11:44:48","date_gmt":"2022-03-07T11:44:48","guid":{"rendered":"https:\/\/freedomocalansyria.com\/index.php\/bs-contact\/"},"modified":"2024-10-05T21:27:23","modified_gmt":"2024-10-05T21:27:23","slug":"contact","status":"publish","type":"page","link":"https:\/\/freedomocalansyria.com\/ku\/?page_id=377","title":{"rendered":"T\u00eak\u00eal\u00ee"},"content":{"rendered":"<div class=\"wpb-content-wrapper\"><p>[vc_row][vc_column width=&#8221;2\/3&#8243;]\t<div\r\n\t\t\t\t\tclass=\"bs-shortcode bs-text \">\r\n\t\t\t\t<h3 class=\"section-heading sh-t2 sh-s1\">\r\n\t\t\t\t<span class=\"h-text\">Derbar\u00ea \u00eensiyat\u00eev\u00ea de<\/span>\r\n\t\t\t\t<\/h3>\r\n\t\t\t\t<div class=\"bs-text-content\">\r\n\t\t\t<p>Komek e ku ji kesayet\u00ean demokrat \u00ean S\u00fbriy\u00ea ji Kurd, Ereb, Suryan \u00fb p\u00eakhatey\u00ean din p\u00eak t\u00ea. Di 10-9-2019 de hat damizirandin. Bi armanca bidestxistina azadiya R\u00eaber Abdullah Ocalan ku deriy\u00ea qan\u00fbn\u00ee y\u00ea bidestxistina azadiya gel\u00ean her\u00eam\u00ea, belavkirina a\u015ftiya siv\u00eel \u00fb \u00e7anda biratiy\u00ea \u00fb p\u00eerozkirina r\u00eagez\u00ean maf\u00ean demokrat\u00eek \u00ean ji bo jiyana azad p\u00eaw\u00eest dike, t\u00ea d\u00eetin.<\/p>\n\t\t<\/div>\r\n\t<\/div><!-- .bs-text -->\r\n\t<div\r\n\t\t\t\t\tclass=\"bs-shortcode bs-text \">\r\n\t\t\t\t<h3 class=\"section-heading sh-t2 sh-s1\">\r\n\t\t\t\t<span class=\"h-text\">\u0623\u0631\u0633\u0644 \u0644\u0646\u0627 \u0631\u0633\u0627\u0644\u0629<\/span>\r\n\t\t\t\t<\/h3>\r\n\t\t\t\t<div class=\"bs-text-content\">\r\n\t\t\t<div class=\"wpcf7 no-js\" id=\"wpcf7-f467-o1\" lang=\"ar\" dir=\"rtl\" data-wpcf7-id=\"467\">\n<div class=\"screen-reader-response\">\n<p role=\"status\" aria-live=\"polite\" aria-atomic=\"true\">\n<ul><\/ul>\n<\/div>\n<form action=\"\/ku\/index.php?rest_route=%2Fwp%2Fv2%2Fpages%2F377#wpcf7-f467-o1\" method=\"post\" class=\"wpcf7-form init\" aria-label=\"\u0646\u0645\u0648\u0630\u062c \u0627\u0644\u0627\u062a\u0635\u0627\u0644\" novalidate=\"novalidate\" data-status=\"init\">\n<fieldset class=\"hidden-fields-container\"><input type=\"hidden\" name=\"_wpcf7\" value=\"467\" \/><input type=\"hidden\" name=\"_wpcf7_version\" value=\"6.1.5\" \/><input type=\"hidden\" name=\"_wpcf7_locale\" value=\"ar\" \/><input type=\"hidden\" name=\"_wpcf7_unit_tag\" value=\"wpcf7-f467-o1\" \/><input type=\"hidden\" name=\"_wpcf7_container_post\" value=\"0\" \/><input type=\"hidden\" name=\"_wpcf7_posted_data_hash\" value=\"\" \/><br \/>\n<\/fieldset>\n<p><label> \u0627\u0633\u0645\u0643<br \/>\n<span class=\"wpcf7-form-control-wrap\" data-name=\"your-name\"><input size=\"40\" maxlength=\"400\" class=\"wpcf7-form-control wpcf7-text wpcf7-validates-as-required\" aria-required=\"true\" aria-invalid=\"false\" value=\"\" type=\"text\" name=\"your-name\" \/><\/span> <\/label>\n<\/p>\n<p><label> \u0628\u0631\u064a\u062f\u0643 \u0627\u0644\u0625\u0644\u0643\u062a\u0631\u0648\u0646\u064a<br \/>\n<span class=\"wpcf7-form-control-wrap\" data-name=\"your-email\"><input size=\"40\" maxlength=\"400\" class=\"wpcf7-form-control wpcf7-email wpcf7-validates-as-required wpcf7-text wpcf7-validates-as-email\" aria-required=\"true\" aria-invalid=\"false\" value=\"\" type=\"email\" name=\"your-email\" \/><\/span> <\/label>\n<\/p>\n<p><label> \u0627\u0644\u0645\u0648\u0636\u0648\u0639<br \/>\n<span class=\"wpcf7-form-control-wrap\" data-name=\"your-subject\"><input size=\"40\" maxlength=\"400\" class=\"wpcf7-form-control wpcf7-text wpcf7-validates-as-required\" aria-required=\"true\" aria-invalid=\"false\" value=\"\" type=\"text\" name=\"your-subject\" \/><\/span> <\/label>\n<\/p>\n<p><label> \u0631\u0633\u0627\u0644\u062a\u0643 (\u0627\u062e\u062a\u064a\u0627\u0631\u064a)<br \/>\n<span class=\"wpcf7-form-control-wrap\" data-name=\"your-message\"><textarea cols=\"40\" rows=\"10\" maxlength=\"2000\" class=\"wpcf7-form-control wpcf7-textarea\" aria-invalid=\"false\" name=\"your-message\"><\/textarea><\/span> <\/label>\n<\/p>\n<p><input class=\"wpcf7-form-control wpcf7-submit has-spinner\" type=\"submit\" value=\"\u0625\u0631\u0633\u0627\u0644\" \/>\n<\/p>\n<p style=\"display: none !important;\" class=\"akismet-fields-container\" data-prefix=\"_wpcf7_ak_\"><label>&#916;<textarea name=\"_wpcf7_ak_hp_textarea\" cols=\"45\" rows=\"8\" maxlength=\"100\"><\/textarea><\/label><input type=\"hidden\" id=\"ak_js_1\" name=\"_wpcf7_ak_js\" value=\"84\"\/><script type=\"text\/javascript\">\n\/* <![CDATA[ *\/\ndocument.getElementById( \"ak_js_1\" ).setAttribute( \"value\", ( new Date() ).getTime() );\n\/* ]]> *\/\n<\/script>\n<\/p>\n<div class=\"wpcf7-response-output\" aria-hidden=\"true\"><\/div>\n<\/form>\n<\/div>\n\t\t<\/div>\r\n\t<\/div><!-- .bs-text -->\r\n[\/vc_column][vc_column width=&#8221;1\/3&#8243; sticky_sidebar=&#8221;true&#8221;]\t<div\r\n\t\t\t\t\tclass=\"bs-shortcode bs-text \">\r\n\t\t\t\t<h3 class=\"section-heading sh-t2 sh-s1\">\r\n\t\t\t\t<span class=\"h-text\">Contact<\/span>\r\n\t\t\t\t<\/h3>\r\n\t\t\t\t<div class=\"bs-text-content\">\r\n\t\t\t<p><strong>Phone<\/strong>: \u2066+963 934914629<br \/>\n<strong>Email<\/strong>: <a href=\"mailto:info@freedomocalansyria.com\">info@freedomocalansyria.com<\/a><br \/>\n<strong>Web<\/strong>: <a href=\"http:\/\/freedomocalansyria.com\">freedomocalansyria.com<\/a><\/p>\n\t\t<\/div>\r\n\t<\/div><!-- .bs-text -->\r\n\t\t<div  class=\"  better-studio-shortcode bsc-clearfix better-social-counter style-modern colored in-4-col\">\n\t\t\t\t\t<h3 class=\"section-heading sh-t2 sh-s1\">\r\n\t\t\t\t<span class=\"h-text\">Social Media<\/span>\r\n\t\t\t\t<\/h3>\r\n\t\t\t\t\t<ul class=\"social-list bsc-clearfix\"><li class=\"social-item facebook\"><a href=\"https:\/\/www.facebook.com\/61565157502073\" class=\"item-link\" target=\"_blank\" rel=\"noopener\"><i class=\"item-icon bsfi-facebook\" ><\/i> <span class=\"item-count\" > Facebook<\/span> <span class=\"item-title\" > Likes<\/span> <\/a> <\/li> <li class=\"social-item twitter\"><a href=\"https:\/\/twitter.com\/@syriainsiativ\" class=\"item-link\" target=\"_blank\" rel=\"noopener\"><i class=\"item-icon bsfi-twitter\" ><\/i> <span class=\"item-count\" > Twitter<\/span> <span class=\"item-title\" > Followers<\/span> <\/a> <\/li> <li class=\"social-item instagram\"><a href=\"https:\/\/instagram.com\/syriainsiativ\" class=\"item-link\" target=\"_blank\" rel=\"noopener\"><i class=\"item-icon bsfi-instagram\" ><\/i> <span class=\"item-count\" > Instagram<\/span> <span class=\"item-title\" > Followers<\/span> <\/a> <\/li> <li class=\"social-item youtube\"><a href=\"https:\/\/youtube.com\/channel\/UCvbV9EJhn_hvumw-torKmuA\" class=\"item-link\" target=\"_blank\" rel=\"noopener\"><i class=\"item-icon bsfi-youtube\" ><\/i> <span class=\"item-count\" > Youtube<\/span> <span class=\"item-title\" > Subscribers<\/span> <\/a> <\/li> \t\t\t<\/ul>\n\t\t<\/div>\n\t\t[\/vc_column][\/vc_row]<\/p>\n<\/div>","protected":false},"excerpt":{"rendered":"<p>Have you had a goal you begin to work toward only to run out of steam? Do you know what you need to do to get to where you want to be &#8230;<\/p>\n","protected":false},"author":1,"featured_media":0,"parent":0,"menu_order":0,"comment_status":"closed","ping_status":"closed","template":"","meta":{"footnotes":""},"class_list":["post-377","page","type-page","status-publish","hentry"],"_links":{"self":[{"href":"https:\/\/freedomocalansyria.com\/ku\/index.php?rest_route=\/wp\/v2\/pages\/377","targetHints":{"allow":["GET"]}}],"collection":[{"href":"https:\/\/freedomocalansyria.com\/ku\/index.php?rest_route=\/wp\/v2\/pages"}],"about":[{"href":"https:\/\/freedomocalansyria.com\/ku\/index.php?rest_route=\/wp\/v2\/types\/page"}],"author":[{"embeddable":true,"href":"https:\/\/freedomocalansyria.com\/ku\/index.php?rest_route=\/wp\/v2\/users\/1"}],"replies":[{"embeddable":true,"href":"https:\/\/freedomocalansyria.com\/ku\/index.php?rest_route=%2Fwp%2Fv2%2Fcomments&post=377"}],"version-history":[{"count":7,"href":"https:\/\/freedomocalansyria.com\/ku\/index.php?rest_route=\/wp\/v2\/pages\/377\/revisions"}],"predecessor-version":[{"id":10012,"href":"https:\/\/freedomocalansyria.com\/ku\/index.php?rest_route=\/wp\/v2\/pages\/377\/revisions\/10012"}],"wp:attachment":[{"href":"https:\/\/freedomocalansyria.com\/ku\/index.php?rest_route=%2Fwp%2Fv2%2Fmedia&parent=377"}],"curies":[{"name":"wp","href":"https:\/\/api.w.org\/{rel}","templated":true}]}}